{"id":3616,"date":"2017-07-27T08:43:54","date_gmt":"2017-07-27T06:43:54","guid":{"rendered":"https:\/\/www.inselhotel-koenig.de\/?page_id=3616\/"},"modified":"2019-12-13T11:06:10","modified_gmt":"2019-12-13T10:06:10","slug":"inselhotel-koenig-norderney-einzigartig-koeniglich","status":"publish","type":"page","link":"https:\/\/www.inselhotel-koenig.de\/en\/","title":{"rendered":"Inselhotel K\u00f6nig Norderney &#8211; Einzigartig K\u00f6niglich"},"content":{"rendered":"<div class=\"wpb-content-wrapper\">[vc_row css=&#8221;.vc_custom_1576231567072{margin-top: -50px !important;padding-top: 2.8rem !important;padding-bottom: 2.8rem !important;background-color: #ffffff !important;}&#8221;][vc_column][vc_raw_html]JTNDZGl2JTIwaWQlM0QlMjJkMjEtcXVpY2tib29rJTIyJTIwZGF0YS1kMjElM0QlMjAlMjIlN0IlMjdoYXNIb3Jpem9udGFsT3JpZW50YXRpb24lMjclM0F0cnVlJTdEJTIyJTNFJTNDJTJGZGl2JTNF[\/vc_raw_html][\/vc_column][\/vc_row][vc_row css=&#8221;.vc_custom_1474377297788{margin-top: 0px !important;margin-bottom: 0px !important;border-bottom-width: 0px !important;padding-top: 0px !important;padding-bottom: 0px !important;}&#8221;][vc_column width=&#8221;1\/6&#8243;][\/vc_column][vc_column width=&#8221;1\/6&#8243;][vc_column_text css=&#8221;.vc_custom_1499691585990{margin-bottom: 0px !important;padding-bottom: 0px !important;}&#8221;]<a href=\"\/\"><img loading=\"lazy\" decoding=\"async\" class=\"size-full wp-image-2082 aligncenter\" src=\"\/wp-content\/uploads\/2014\/09\/logo_koenig.jpg\" alt=\"Inselhotel K\u00f6nig\" width=\"640\" height=\"640\" srcset=\"https:\/\/www.inselhotel-koenig.de\/wp-content\/uploads\/2014\/09\/logo_koenig.jpg 640w, https:\/\/www.inselhotel-koenig.de\/wp-content\/uploads\/2014\/09\/logo_koenig-150x150.jpg 150w, https:\/\/www.inselhotel-koenig.de\/wp-content\/uploads\/2014\/09\/logo_koenig-300x300.jpg 300w\" sizes=\"auto, (max-width: 640px) 100vw, 640px\" \/><\/a>[\/vc_column_text][vc_single_image image=&#8221;2460&#8243; img_size=&#8221;60&#215;60&#8243; alignment=&#8221;center&#8221; onclick=&#8221;custom_link&#8221; img_link_target=&#8221;_blank&#8221; link=&#8221;https:\/\/www.facebook.com\/inselhotelkoenig\/&#8221;][\/vc_column][vc_column width=&#8221;1\/6&#8243;][vc_column_text css=&#8221;.vc_custom_1501137268082{margin-bottom: 0px !important;padding-bottom: 0px !important;}&#8221;]<a href=\"\/essen-trinken\/leib-seele\/\"><img loading=\"lazy\" decoding=\"async\" class=\"wp-image-2083 size-full aligncenter\" src=\"\/wp-content\/uploads\/2014\/09\/logo_leibseele.jpg\" alt=\"Inselhotel K\u00f6nig - Leib und Seele\" width=\"640\" height=\"640\" srcset=\"https:\/\/www.inselhotel-koenig.de\/wp-content\/uploads\/2014\/09\/logo_leibseele.jpg 640w, https:\/\/www.inselhotel-koenig.de\/wp-content\/uploads\/2014\/09\/logo_leibseele-150x150.jpg 150w, https:\/\/www.inselhotel-koenig.de\/wp-content\/uploads\/2014\/09\/logo_leibseele-300x300.jpg 300w\" sizes=\"auto, (max-width: 640px) 100vw, 640px\" \/><\/a>[\/vc_column_text][vc_single_image image=&#8221;2460&#8243; img_size=&#8221;60&#215;60&#8243; alignment=&#8221;center&#8221; onclick=&#8221;custom_link&#8221; img_link_target=&#8221;_blank&#8221; link=&#8221;https:\/\/www.facebook.com\/Leib-Seele-Mein-Restaurant-140457042688720\/&#8221;][\/vc_column][vc_column width=&#8221;1\/6&#8243;][vc_column_text css=&#8221;.vc_custom_1499691608831{margin-bottom: 0px !important;padding-bottom: 0px !important;}&#8221;]<a href=\"\/essen-trinken\/fischerkate\/\"><img loading=\"lazy\" decoding=\"async\" class=\"alignnone wp-image-2081 size-full\" src=\"\/wp-content\/uploads\/2014\/09\/logo_fischerkate.jpg\" alt=\"Inselhotel K\u00f6nig - Fischerkate\" width=\"640\" height=\"640\" srcset=\"https:\/\/www.inselhotel-koenig.de\/wp-content\/uploads\/2014\/09\/logo_fischerkate.jpg 640w, https:\/\/www.inselhotel-koenig.de\/wp-content\/uploads\/2014\/09\/logo_fischerkate-150x150.jpg 150w, https:\/\/www.inselhotel-koenig.de\/wp-content\/uploads\/2014\/09\/logo_fischerkate-300x300.jpg 300w\" sizes=\"auto, (max-width: 640px) 100vw, 640px\" \/><\/a>[\/vc_column_text][vc_single_image image=&#8221;2460&#8243; img_size=&#8221;60&#215;60&#8243; alignment=&#8221;center&#8221; onclick=&#8221;custom_link&#8221; img_link_target=&#8221;_blank&#8221; link=&#8221;https:\/\/de-de.facebook.com\/Fischerkate-Norderney-120482341380888\/&#8221;][\/vc_column][vc_column width=&#8221;1\/6&#8243;][vc_column_text css=&#8221;.vc_custom_1499691617190{margin-bottom: 0px !important;padding-bottom: 0px !important;}&#8221;]<a href=\"\/essen-trinken\/bulowbar\/\"><img loading=\"lazy\" decoding=\"async\" class=\"aligncenter wp-image-2080 size-full\" src=\"\/wp-content\/uploads\/2014\/09\/logo_bulowbar.jpg\" alt=\"Inselhotel K\u00f6nig - B\u00fclow Bar\" width=\"640\" height=\"640\" srcset=\"https:\/\/www.inselhotel-koenig.de\/wp-content\/uploads\/2014\/09\/logo_bulowbar.jpg 640w, https:\/\/www.inselhotel-koenig.de\/wp-content\/uploads\/2014\/09\/logo_bulowbar-150x150.jpg 150w, https:\/\/www.inselhotel-koenig.de\/wp-content\/uploads\/2014\/09\/logo_bulowbar-300x300.jpg 300w\" sizes=\"auto, (max-width: 640px) 100vw, 640px\" \/><\/a>[\/vc_column_text][vc_single_image image=&#8221;2460&#8243; img_size=&#8221;60&#215;60&#8243; alignment=&#8221;center&#8221; onclick=&#8221;custom_link&#8221; img_link_target=&#8221;_blank&#8221; link=&#8221;https:\/\/de-de.facebook.com\/buelowbar\/&#8221;][\/vc_column][vc_column width=&#8221;1\/6&#8243;][\/vc_column][\/vc_row][vc_row css=&#8221;.vc_custom_1469193611446{margin-top: 0px !important;margin-bottom: 0px !important;padding-top: 10px !important;padding-bottom: 10px !important;}&#8221;][vc_column][\/vc_column][\/vc_row]\n<\/div>","protected":false},"excerpt":{"rendered":"<p>[vc_row css=&#8221;.vc_custom_1576231567072{margin-top: -50px !important;padding-top: 2.8rem !important;padding-bottom: 2.8rem !important;background-color: #ffffff !important;}&#8221;][vc_column][vc_raw_html]JTNDZGl2JTIwaWQlM0QlMjJkMjEtcXVpY2tib29rJTIyJTIwZGF0YS1kMjElM0QlMjAlMjIlN0IlMjdoYXNIb3Jpem9udGFsT3JpZW50YXRpb24lMjclM0F0cnVlJTdEJTIyJTNFJTNDJTJGZGl2JTNF[\/vc_raw_html][\/vc_column][\/vc_row][vc_row css=&#8221;.vc_custom_1474377297788{margin-top: 0px !important;margin-bottom: 0px !important;border-bottom-width: 0px !important;padding-top: 0px !important;padding-bottom: 0px [&hellip;]<\/p>\n","protected":false},"author":4,"featured_media":0,"parent":0,"menu_order":0,"comment_status":"closed","ping_status":"closed","template":"","meta":{"footnotes":""},"class_list":["post-3616","page","type-page","status-publish","hentry"],"yoast_head":"<!-- This site is optimized with the Yoast SEO plugin v27.5 - https:\/\/yoast.com\/product\/yoast-seo-wordpress\/ -->\n<title>Inselhotel K\u00f6nig Norderney - Einzigartig K\u00f6niglich - Inselhotel K\u00f6nig Norderney<\/title>\n<meta name=\"robots\" content=\"index, follow, max-snippet:-1, max-image-preview:large, max-video-preview:-1\" \/>\n<link rel=\"canonical\" href=\"https:\/\/www.inselhotel-koenig.de\/en\/\" \/>\n<meta property=\"og:locale\" content=\"en_US\" \/>\n<meta property=\"og:type\" content=\"article\" \/>\n<meta property=\"og:title\" content=\"Inselhotel K\u00f6nig Norderney - Einzigartig K\u00f6niglich - Inselhotel K\u00f6nig Norderney\" \/>\n<meta property=\"og:description\" content=\"[vc_row css=&#8221;.vc_custom_1576231567072{margin-top: -50px !important;padding-top: 2.8rem !important;padding-bottom: 2.8rem !important;background-color: #ffffff !important;}&#8221;][vc_column][vc_raw_html]JTNDZGl2JTIwaWQlM0QlMjJkMjEtcXVpY2tib29rJTIyJTIwZGF0YS1kMjElM0QlMjAlMjIlN0IlMjdoYXNIb3Jpem9udGFsT3JpZW50YXRpb24lMjclM0F0cnVlJTdEJTIyJTNFJTNDJTJGZGl2JTNF[\/vc_raw_html][\/vc_column][\/vc_row][vc_row css=&#8221;.vc_custom_1474377297788{margin-top: 0px !important;margin-bottom: 0px !important;border-bottom-width: 0px !important;padding-top: 0px !important;padding-bottom: 0px [&hellip;]\" \/>\n<meta property=\"og:url\" content=\"https:\/\/www.inselhotel-koenig.de\/en\/\" \/>\n<meta property=\"og:site_name\" content=\"Inselhotel K\u00f6nig Norderney\" \/>\n<meta property=\"article:modified_time\" content=\"2019-12-13T10:06:10+00:00\" \/>\n<meta name=\"twitter:card\" content=\"summary_large_image\" \/>\n<meta name=\"twitter:label1\" content=\"Est. reading time\" \/>\n\t<meta name=\"twitter:data1\" content=\"1 minute\" \/>\n<script type=\"application\/ld+json\" class=\"yoast-schema-graph\">{\"@context\":\"https:\\\/\\\/schema.org\",\"@graph\":[{\"@type\":\"WebPage\",\"@id\":\"https:\\\/\\\/www.inselhotel-koenig.de\\\/en\\\/\",\"url\":\"https:\\\/\\\/www.inselhotel-koenig.de\\\/en\\\/\",\"name\":\"Inselhotel K\u00f6nig Norderney - Einzigartig K\u00f6niglich - Inselhotel K\u00f6nig Norderney\",\"isPartOf\":{\"@id\":\"https:\\\/\\\/www.inselhotel-koenig.de\\\/en\\\/#website\"},\"datePublished\":\"2017-07-27T06:43:54+00:00\",\"dateModified\":\"2019-12-13T10:06:10+00:00\",\"breadcrumb\":{\"@id\":\"https:\\\/\\\/www.inselhotel-koenig.de\\\/en\\\/#breadcrumb\"},\"inLanguage\":\"en-US\",\"potentialAction\":[{\"@type\":\"ReadAction\",\"target\":[\"https:\\\/\\\/www.inselhotel-koenig.de\\\/en\\\/\"]}]},{\"@type\":\"BreadcrumbList\",\"@id\":\"https:\\\/\\\/www.inselhotel-koenig.de\\\/en\\\/#breadcrumb\",\"itemListElement\":[{\"@type\":\"ListItem\",\"position\":1,\"name\":\"Home\",\"item\":\"https:\\\/\\\/www.inselhotel-koenig.de\\\/en\\\/\"},{\"@type\":\"ListItem\",\"position\":2,\"name\":\"Inselhotel K\u00f6nig Norderney &#8211; Einzigartig K\u00f6niglich\"}]},{\"@type\":\"WebSite\",\"@id\":\"https:\\\/\\\/www.inselhotel-koenig.de\\\/en\\\/#website\",\"url\":\"https:\\\/\\\/www.inselhotel-koenig.de\\\/en\\\/\",\"name\":\"Inselhotel K\u00f6nig Norderney\",\"description\":\"EINZIGARTIG K\u00d6NIGLICH\",\"potentialAction\":[{\"@type\":\"SearchAction\",\"target\":{\"@type\":\"EntryPoint\",\"urlTemplate\":\"https:\\\/\\\/www.inselhotel-koenig.de\\\/en\\\/?s={search_term_string}\"},\"query-input\":{\"@type\":\"PropertyValueSpecification\",\"valueRequired\":true,\"valueName\":\"search_term_string\"}}],\"inLanguage\":\"en-US\"}]}<\/script>\n<!-- \/ Yoast SEO plugin. -->","yoast_head_json":{"title":"Inselhotel K\u00f6nig Norderney - Einzigartig K\u00f6niglich - Inselhotel K\u00f6nig Norderney","robots":{"index":"index","follow":"follow","max-snippet":"max-snippet:-1","max-image-preview":"max-image-preview:large","max-video-preview":"max-video-preview:-1"},"canonical":"https:\/\/www.inselhotel-koenig.de\/en\/","og_locale":"en_US","og_type":"article","og_title":"Inselhotel K\u00f6nig Norderney - Einzigartig K\u00f6niglich - Inselhotel K\u00f6nig Norderney","og_description":"[vc_row css=&#8221;.vc_custom_1576231567072{margin-top: -50px !important;padding-top: 2.8rem !important;padding-bottom: 2.8rem !important;background-color: #ffffff !important;}&#8221;][vc_column][vc_raw_html]JTNDZGl2JTIwaWQlM0QlMjJkMjEtcXVpY2tib29rJTIyJTIwZGF0YS1kMjElM0QlMjAlMjIlN0IlMjdoYXNIb3Jpem9udGFsT3JpZW50YXRpb24lMjclM0F0cnVlJTdEJTIyJTNFJTNDJTJGZGl2JTNF[\/vc_raw_html][\/vc_column][\/vc_row][vc_row css=&#8221;.vc_custom_1474377297788{margin-top: 0px !important;margin-bottom: 0px !important;border-bottom-width: 0px !important;padding-top: 0px !important;padding-bottom: 0px [&hellip;]","og_url":"https:\/\/www.inselhotel-koenig.de\/en\/","og_site_name":"Inselhotel K\u00f6nig Norderney","article_modified_time":"2019-12-13T10:06:10+00:00","twitter_card":"summary_large_image","twitter_misc":{"Est. reading time":"1 minute"},"schema":{"@context":"https:\/\/schema.org","@graph":[{"@type":"WebPage","@id":"https:\/\/www.inselhotel-koenig.de\/en\/","url":"https:\/\/www.inselhotel-koenig.de\/en\/","name":"Inselhotel K\u00f6nig Norderney - Einzigartig K\u00f6niglich - Inselhotel K\u00f6nig Norderney","isPartOf":{"@id":"https:\/\/www.inselhotel-koenig.de\/en\/#website"},"datePublished":"2017-07-27T06:43:54+00:00","dateModified":"2019-12-13T10:06:10+00:00","breadcrumb":{"@id":"https:\/\/www.inselhotel-koenig.de\/en\/#breadcrumb"},"inLanguage":"en-US","potentialAction":[{"@type":"ReadAction","target":["https:\/\/www.inselhotel-koenig.de\/en\/"]}]},{"@type":"BreadcrumbList","@id":"https:\/\/www.inselhotel-koenig.de\/en\/#breadcrumb","itemListElement":[{"@type":"ListItem","position":1,"name":"Home","item":"https:\/\/www.inselhotel-koenig.de\/en\/"},{"@type":"ListItem","position":2,"name":"Inselhotel K\u00f6nig Norderney &#8211; Einzigartig K\u00f6niglich"}]},{"@type":"WebSite","@id":"https:\/\/www.inselhotel-koenig.de\/en\/#website","url":"https:\/\/www.inselhotel-koenig.de\/en\/","name":"Inselhotel K\u00f6nig Norderney","description":"EINZIGARTIG K\u00d6NIGLICH","potentialAction":[{"@type":"SearchAction","target":{"@type":"EntryPoint","urlTemplate":"https:\/\/www.inselhotel-koenig.de\/en\/?s={search_term_string}"},"query-input":{"@type":"PropertyValueSpecification","valueRequired":true,"valueName":"search_term_string"}}],"inLanguage":"en-US"}]}},"_links":{"self":[{"href":"https:\/\/www.inselhotel-koenig.de\/en\/wp-json\/wp\/v2\/pages\/3616","targetHints":{"allow":["GET"]}}],"collection":[{"href":"https:\/\/www.inselhotel-koenig.de\/en\/wp-json\/wp\/v2\/pages"}],"about":[{"href":"https:\/\/www.inselhotel-koenig.de\/en\/wp-json\/wp\/v2\/types\/page"}],"author":[{"embeddable":true,"href":"https:\/\/www.inselhotel-koenig.de\/en\/wp-json\/wp\/v2\/users\/4"}],"replies":[{"embeddable":true,"href":"https:\/\/www.inselhotel-koenig.de\/en\/wp-json\/wp\/v2\/comments?post=3616"}],"version-history":[{"count":13,"href":"https:\/\/www.inselhotel-koenig.de\/en\/wp-json\/wp\/v2\/pages\/3616\/revisions"}],"predecessor-version":[{"id":6110,"href":"https:\/\/www.inselhotel-koenig.de\/en\/wp-json\/wp\/v2\/pages\/3616\/revisions\/6110"}],"wp:attachment":[{"href":"https:\/\/www.inselhotel-koenig.de\/en\/wp-json\/wp\/v2\/media?parent=3616"}],"curies":[{"name":"wp","href":"https:\/\/api.w.org\/{rel}","templated":true}]}}